{"id":561,"date":"2025-11-10T01:02:52","date_gmt":"2025-11-10T01:02:52","guid":{"rendered":"https:\/\/destockage-mobilier.fr\/?post_type=product&#038;p=561"},"modified":"2025-12-03T20:02:18","modified_gmt":"2025-12-03T20:02:18","slug":"canape-3-places-relax-electrique-en-cuir-blanc-arena-iii","status":"publish","type":"product","link":"https:\/\/destockage-mobilier.fr\/index.php\/produit\/canape-3-places-relax-electrique-en-cuir-blanc-arena-iii\/","title":{"rendered":"Canap\u00e9 3 places relax \u00e9lectrique en cuir blanc ARENA III"},"content":{"rendered":"<p>Canap\u00e9 3 places relax \u00e9lectrique en cuir blanc ARENA III en d\u00e9stockage vendu chez nous \u00e0 800\u20ac au lieu de 1450\u20ac. A venir chercher en magasin ou livrer chez vous pour 50\u20ac. Livraison dans toute la France 50\u20ac .<\/p>\n<p><strong>Magasin situ\u00e9 au 13 Rue des Etourneaux, 21220 Fixin (Dijon M\u00e9tropole).<\/strong><\/p>\n<h2><span style=\"font-size: 18pt;\">Caract\u00e9ristiques du Canap\u00e9 3 places relax \u00e9lectrique en cuir blanc ARENA III<\/span><\/h2>\n<p><strong>Caract\u00e9ristiques<\/strong><br \/>\nCouleur (nuance) :<br \/>\nBlanc<br \/>\nMati\u00e8re :<br \/>\nCuir<br \/>\nProvenance du cuir :<br \/>\nCuir de Vachette<br \/>\nMati\u00e8re (Pi\u00e8tement) :<br \/>\nM\u00e9tal<br \/>\nStructure :<br \/>\nBois, Contreplaqu\u00e9, M\u00e9tal<br \/>\nTour de caisse :<br \/>\nSimili<br \/>\nNombre de places :<br \/>\n3 places<br \/>\nOptions :<br \/>\nT\u00eati\u00e8re, Relax \u00e9lectrique<br \/>\nGarnissage de l&rsquo;assise :<br \/>\nMousse polyur\u00e9thane<br \/>\nDensit\u00e9 assise :<br \/>\n28 kg\/m\u00b3<br \/>\nSuspension de l&rsquo;assise :<br \/>\nRessorts Nosag, Sangles \u00e9lastiques entrecrois\u00e9es, Ressorts h\u00e9lico\u00efdaux<br \/>\nAvec accoudoirs<br \/>\nCharge maximale support\u00e9e :<br \/>\n360 kg<br \/>\n\u00c0 monter soi-m\u00eame<\/p>\n<p><strong>Dimensions<\/strong><br \/>\nLongueur :<br \/>\n202 cm<br \/>\nHauteur :<br \/>\n86 cm<br \/>\nProfondeur :<br \/>\n104 cm<br \/>\nHauteur d&rsquo;assise :<br \/>\n47 cm<br \/>\nProfondeur d&rsquo;assise :<br \/>\n52 cm<\/p>\n","protected":false},"excerpt":{"rendered":"<p>Canap\u00e9 3 places relax \u00e9lectrique en cuir blanc ARENA III en d\u00e9stockage vendu chez nous \u00e0 700\u20ac au lieu de 1450\u20ac.<br \/>\nA venir chercher en magasin ou livrer chez vous pour 50\u20ac. Livraison dans toute la France 50\u20ac.<\/p>\n<p><strong>Magasin situ\u00e9 au 13 Rue des Etourneaux, 21220 Fixin (Dijon M\u00e9tropole).<\/strong><\/p>\n","protected":false},"featured_media":564,"comment_status":"open","ping_status":"closed","template":"","meta":{"_acf_changed":false,"_themeisle_gutenberg_block_has_review":false},"product_brand":[],"product_cat":[18],"product_tag":[56],"class_list":{"0":"post-561","1":"product","2":"type-product","3":"status-publish","4":"has-post-thumbnail","6":"product_cat-canapes","7":"product_tag-canape-3-places-relax-electrique-en-cuir-blanc-arena-iii","9":"first","10":"instock","11":"sale","12":"shipping-taxable","13":"purchasable","14":"product-type-simple"},"acf":[],"yoast_head":"<!-- This site is optimized with the Yoast SEO plugin v27.1.1 - https:\/\/yoast.com\/product\/yoast-seo-wordpress\/ -->\n<title>Canap\u00e9 3 places relax \u00e9lectrique en cuir blanc ARENA III - Destockage Mobilier<\/title>\n<meta name=\"description\" content=\"Canap\u00e9 3 places relax \u00e9lectrique en cuir blanc ARENA III en d\u00e9stockage. D\u00e9couvrir tous les canap\u00e9s et fauteuils en d\u00e9stockage.\" \/>\n<meta name=\"robots\" content=\"index, follow, max-snippet:-1, max-image-preview:large, max-video-preview:-1\" \/>\n<link rel=\"canonical\" href=\"https:\/\/destockage-mobilier.fr\/index.php\/produit\/canape-3-places-relax-electrique-en-cuir-blanc-arena-iii\/\" \/>\n<meta property=\"og:locale\" content=\"fr_FR\" \/>\n<meta property=\"og:type\" content=\"article\" \/>\n<meta property=\"og:title\" content=\"Canap\u00e9 3 places relax \u00e9lectrique en cuir blanc ARENA III - Destockage Mobilier\" \/>\n<meta property=\"og:description\" content=\"Canap\u00e9 3 places relax \u00e9lectrique en cuir blanc ARENA III en d\u00e9stockage. D\u00e9couvrir tous les canap\u00e9s et fauteuils en d\u00e9stockage.\" \/>\n<meta property=\"og:url\" content=\"https:\/\/destockage-mobilier.fr\/index.php\/produit\/canape-3-places-relax-electrique-en-cuir-blanc-arena-iii\/\" \/>\n<meta property=\"og:site_name\" content=\"Destockage Mobilier\" \/>\n<meta property=\"article:modified_time\" content=\"2025-12-03T20:02:18+00:00\" \/>\n<meta property=\"og:image\" content=\"http:\/\/destockage-mobilier.fr\/wp-content\/uploads\/2025\/11\/Capture-decran-2025-11-10-015809.png\" \/>\n\t<meta property=\"og:image:width\" content=\"963\" \/>\n\t<meta property=\"og:image:height\" content=\"709\" \/>\n\t<meta property=\"og:image:type\" content=\"image\/png\" \/>\n<meta name=\"twitter:card\" content=\"summary_large_image\" \/>\n<meta name=\"twitter:label1\" content=\"Dur\u00e9e de lecture estim\u00e9e\" \/>\n\t<meta name=\"twitter:data1\" content=\"1 minute\" \/>\n<script type=\"application\/ld+json\" class=\"yoast-schema-graph\">{\"@context\":\"https:\/\/schema.org\",\"@graph\":[{\"@type\":\"WebPage\",\"@id\":\"https:\/\/destockage-mobilier.fr\/index.php\/produit\/canape-3-places-relax-electrique-en-cuir-blanc-arena-iii\/\",\"url\":\"https:\/\/destockage-mobilier.fr\/index.php\/produit\/canape-3-places-relax-electrique-en-cuir-blanc-arena-iii\/\",\"name\":\"Canap\u00e9 3 places relax \u00e9lectrique en cuir blanc ARENA III - Destockage Mobilier\",\"isPartOf\":{\"@id\":\"https:\/\/destockage-mobilier.fr\/#website\"},\"primaryImageOfPage\":{\"@id\":\"https:\/\/destockage-mobilier.fr\/index.php\/produit\/canape-3-places-relax-electrique-en-cuir-blanc-arena-iii\/#primaryimage\"},\"image\":{\"@id\":\"https:\/\/destockage-mobilier.fr\/index.php\/produit\/canape-3-places-relax-electrique-en-cuir-blanc-arena-iii\/#primaryimage\"},\"thumbnailUrl\":\"https:\/\/destockage-mobilier.fr\/wp-content\/uploads\/2025\/11\/Capture-decran-2025-11-10-015809.png\",\"datePublished\":\"2025-11-10T01:02:52+00:00\",\"dateModified\":\"2025-12-03T20:02:18+00:00\",\"description\":\"Canap\u00e9 3 places relax \u00e9lectrique en cuir blanc ARENA III en d\u00e9stockage. D\u00e9couvrir tous les canap\u00e9s et fauteuils en d\u00e9stockage.\",\"breadcrumb\":{\"@id\":\"https:\/\/destockage-mobilier.fr\/index.php\/produit\/canape-3-places-relax-electrique-en-cuir-blanc-arena-iii\/#breadcrumb\"},\"inLanguage\":\"fr-FR\",\"potentialAction\":[{\"@type\":\"ReadAction\",\"target\":[\"https:\/\/destockage-mobilier.fr\/index.php\/produit\/canape-3-places-relax-electrique-en-cuir-blanc-arena-iii\/\"]}]},{\"@type\":\"ImageObject\",\"inLanguage\":\"fr-FR\",\"@id\":\"https:\/\/destockage-mobilier.fr\/index.php\/produit\/canape-3-places-relax-electrique-en-cuir-blanc-arena-iii\/#primaryimage\",\"url\":\"https:\/\/destockage-mobilier.fr\/wp-content\/uploads\/2025\/11\/Capture-decran-2025-11-10-015809.png\",\"contentUrl\":\"https:\/\/destockage-mobilier.fr\/wp-content\/uploads\/2025\/11\/Capture-decran-2025-11-10-015809.png\",\"width\":963,\"height\":709,\"caption\":\"Canap\u00e9 3 places relax \u00e9lectrique en cuir blanc ARENA III\"},{\"@type\":\"BreadcrumbList\",\"@id\":\"https:\/\/destockage-mobilier.fr\/index.php\/produit\/canape-3-places-relax-electrique-en-cuir-blanc-arena-iii\/#breadcrumb\",\"itemListElement\":[{\"@type\":\"ListItem\",\"position\":1,\"name\":\"Accueil\",\"item\":\"https:\/\/destockage-mobilier.fr\/\"},{\"@type\":\"ListItem\",\"position\":2,\"name\":\"Nos meubles\",\"item\":\"https:\/\/destockage-mobilier.fr\/index.php\/boutique\/\"},{\"@type\":\"ListItem\",\"position\":3,\"name\":\"Canap\u00e9 3 places relax \u00e9lectrique en cuir blanc ARENA III\"}]},{\"@type\":\"WebSite\",\"@id\":\"https:\/\/destockage-mobilier.fr\/#website\",\"url\":\"https:\/\/destockage-mobilier.fr\/\",\"name\":\"Destockage Mobilier\",\"description\":\"\",\"publisher\":{\"@id\":\"https:\/\/destockage-mobilier.fr\/#organization\"},\"potentialAction\":[{\"@type\":\"SearchAction\",\"target\":{\"@type\":\"EntryPoint\",\"urlTemplate\":\"https:\/\/destockage-mobilier.fr\/?s={search_term_string}\"},\"query-input\":{\"@type\":\"PropertyValueSpecification\",\"valueRequired\":true,\"valueName\":\"search_term_string\"}}],\"inLanguage\":\"fr-FR\"},{\"@type\":\"Organization\",\"@id\":\"https:\/\/destockage-mobilier.fr\/#organization\",\"name\":\"Destockage Mobilier\",\"url\":\"https:\/\/destockage-mobilier.fr\/\",\"logo\":{\"@type\":\"ImageObject\",\"inLanguage\":\"fr-FR\",\"@id\":\"https:\/\/destockage-mobilier.fr\/#\/schema\/logo\/image\/\",\"url\":\"https:\/\/destockage-mobilier.fr\/wp-content\/uploads\/2025\/11\/cropped-Untitled-1.jpeg\",\"contentUrl\":\"https:\/\/destockage-mobilier.fr\/wp-content\/uploads\/2025\/11\/cropped-Untitled-1.jpeg\",\"width\":450,\"height\":88,\"caption\":\"Destockage Mobilier\"},\"image\":{\"@id\":\"https:\/\/destockage-mobilier.fr\/#\/schema\/logo\/image\/\"}}]}<\/script>\n<!-- \/ Yoast SEO plugin. -->","yoast_head_json":{"title":"Canap\u00e9 3 places relax \u00e9lectrique en cuir blanc ARENA III - Destockage Mobilier","description":"Canap\u00e9 3 places relax \u00e9lectrique en cuir blanc ARENA III en d\u00e9stockage. D\u00e9couvrir tous les canap\u00e9s et fauteuils en d\u00e9stockage.","robots":{"index":"index","follow":"follow","max-snippet":"max-snippet:-1","max-image-preview":"max-image-preview:large","max-video-preview":"max-video-preview:-1"},"canonical":"https:\/\/destockage-mobilier.fr\/index.php\/produit\/canape-3-places-relax-electrique-en-cuir-blanc-arena-iii\/","og_locale":"fr_FR","og_type":"article","og_title":"Canap\u00e9 3 places relax \u00e9lectrique en cuir blanc ARENA III - Destockage Mobilier","og_description":"Canap\u00e9 3 places relax \u00e9lectrique en cuir blanc ARENA III en d\u00e9stockage. D\u00e9couvrir tous les canap\u00e9s et fauteuils en d\u00e9stockage.","og_url":"https:\/\/destockage-mobilier.fr\/index.php\/produit\/canape-3-places-relax-electrique-en-cuir-blanc-arena-iii\/","og_site_name":"Destockage Mobilier","article_modified_time":"2025-12-03T20:02:18+00:00","og_image":[{"width":963,"height":709,"url":"http:\/\/destockage-mobilier.fr\/wp-content\/uploads\/2025\/11\/Capture-decran-2025-11-10-015809.png","type":"image\/png"}],"twitter_card":"summary_large_image","twitter_misc":{"Dur\u00e9e de lecture estim\u00e9e":"1 minute"},"schema":{"@context":"https:\/\/schema.org","@graph":[{"@type":"WebPage","@id":"https:\/\/destockage-mobilier.fr\/index.php\/produit\/canape-3-places-relax-electrique-en-cuir-blanc-arena-iii\/","url":"https:\/\/destockage-mobilier.fr\/index.php\/produit\/canape-3-places-relax-electrique-en-cuir-blanc-arena-iii\/","name":"Canap\u00e9 3 places relax \u00e9lectrique en cuir blanc ARENA III - Destockage Mobilier","isPartOf":{"@id":"https:\/\/destockage-mobilier.fr\/#website"},"primaryImageOfPage":{"@id":"https:\/\/destockage-mobilier.fr\/index.php\/produit\/canape-3-places-relax-electrique-en-cuir-blanc-arena-iii\/#primaryimage"},"image":{"@id":"https:\/\/destockage-mobilier.fr\/index.php\/produit\/canape-3-places-relax-electrique-en-cuir-blanc-arena-iii\/#primaryimage"},"thumbnailUrl":"https:\/\/destockage-mobilier.fr\/wp-content\/uploads\/2025\/11\/Capture-decran-2025-11-10-015809.png","datePublished":"2025-11-10T01:02:52+00:00","dateModified":"2025-12-03T20:02:18+00:00","description":"Canap\u00e9 3 places relax \u00e9lectrique en cuir blanc ARENA III en d\u00e9stockage. D\u00e9couvrir tous les canap\u00e9s et fauteuils en d\u00e9stockage.","breadcrumb":{"@id":"https:\/\/destockage-mobilier.fr\/index.php\/produit\/canape-3-places-relax-electrique-en-cuir-blanc-arena-iii\/#breadcrumb"},"inLanguage":"fr-FR","potentialAction":[{"@type":"ReadAction","target":["https:\/\/destockage-mobilier.fr\/index.php\/produit\/canape-3-places-relax-electrique-en-cuir-blanc-arena-iii\/"]}]},{"@type":"ImageObject","inLanguage":"fr-FR","@id":"https:\/\/destockage-mobilier.fr\/index.php\/produit\/canape-3-places-relax-electrique-en-cuir-blanc-arena-iii\/#primaryimage","url":"https:\/\/destockage-mobilier.fr\/wp-content\/uploads\/2025\/11\/Capture-decran-2025-11-10-015809.png","contentUrl":"https:\/\/destockage-mobilier.fr\/wp-content\/uploads\/2025\/11\/Capture-decran-2025-11-10-015809.png","width":963,"height":709,"caption":"Canap\u00e9 3 places relax \u00e9lectrique en cuir blanc ARENA III"},{"@type":"BreadcrumbList","@id":"https:\/\/destockage-mobilier.fr\/index.php\/produit\/canape-3-places-relax-electrique-en-cuir-blanc-arena-iii\/#breadcrumb","itemListElement":[{"@type":"ListItem","position":1,"name":"Accueil","item":"https:\/\/destockage-mobilier.fr\/"},{"@type":"ListItem","position":2,"name":"Nos meubles","item":"https:\/\/destockage-mobilier.fr\/index.php\/boutique\/"},{"@type":"ListItem","position":3,"name":"Canap\u00e9 3 places relax \u00e9lectrique en cuir blanc ARENA III"}]},{"@type":"WebSite","@id":"https:\/\/destockage-mobilier.fr\/#website","url":"https:\/\/destockage-mobilier.fr\/","name":"Destockage Mobilier","description":"","publisher":{"@id":"https:\/\/destockage-mobilier.fr\/#organization"},"potentialAction":[{"@type":"SearchAction","target":{"@type":"EntryPoint","urlTemplate":"https:\/\/destockage-mobilier.fr\/?s={search_term_string}"},"query-input":{"@type":"PropertyValueSpecification","valueRequired":true,"valueName":"search_term_string"}}],"inLanguage":"fr-FR"},{"@type":"Organization","@id":"https:\/\/destockage-mobilier.fr\/#organization","name":"Destockage Mobilier","url":"https:\/\/destockage-mobilier.fr\/","logo":{"@type":"ImageObject","inLanguage":"fr-FR","@id":"https:\/\/destockage-mobilier.fr\/#\/schema\/logo\/image\/","url":"https:\/\/destockage-mobilier.fr\/wp-content\/uploads\/2025\/11\/cropped-Untitled-1.jpeg","contentUrl":"https:\/\/destockage-mobilier.fr\/wp-content\/uploads\/2025\/11\/cropped-Untitled-1.jpeg","width":450,"height":88,"caption":"Destockage Mobilier"},"image":{"@id":"https:\/\/destockage-mobilier.fr\/#\/schema\/logo\/image\/"}}]}},"jetpack_sharing_enabled":true,"_links":{"self":[{"href":"https:\/\/destockage-mobilier.fr\/index.php\/wp-json\/wp\/v2\/product\/561","targetHints":{"allow":["GET"]}}],"collection":[{"href":"https:\/\/destockage-mobilier.fr\/index.php\/wp-json\/wp\/v2\/product"}],"about":[{"href":"https:\/\/destockage-mobilier.fr\/index.php\/wp-json\/wp\/v2\/types\/product"}],"replies":[{"embeddable":true,"href":"https:\/\/destockage-mobilier.fr\/index.php\/wp-json\/wp\/v2\/comments?post=561"}],"wp:featuredmedia":[{"embeddable":true,"href":"https:\/\/destockage-mobilier.fr\/index.php\/wp-json\/wp\/v2\/media\/564"}],"wp:attachment":[{"href":"https:\/\/destockage-mobilier.fr\/index.php\/wp-json\/wp\/v2\/media?parent=561"}],"wp:term":[{"taxonomy":"product_brand","embeddable":true,"href":"https:\/\/destockage-mobilier.fr\/index.php\/wp-json\/wp\/v2\/product_brand?post=561"},{"taxonomy":"product_cat","embeddable":true,"href":"https:\/\/destockage-mobilier.fr\/index.php\/wp-json\/wp\/v2\/product_cat?post=561"},{"taxonomy":"product_tag","embeddable":true,"href":"https:\/\/destockage-mobilier.fr\/index.php\/wp-json\/wp\/v2\/product_tag?post=561"}],"curies":[{"name":"wp","href":"https:\/\/api.w.org\/{rel}","templated":true}]}}